{"id":78,"date":"2015-06-06T09:23:37","date_gmt":"2015-06-06T07:23:37","guid":{"rendered":"http:\/\/mobilon.ch\/?page_id=78"},"modified":"2023-03-03T19:23:44","modified_gmt":"2023-03-03T17:23:44","slug":"test-startseite","status":"publish","type":"page","link":"https:\/\/mobilon.ch\/","title":{"rendered":"\u00dcbersicht Themen"},"content":{"rendered":"<p><strong>Tools:<\/strong><\/p>\n<ul>\n<li><a href=\"https:\/\/mobilon.ch\/?p=233\">Mobilon Modalsplit-Rechner<\/a><\/li>\n<li><a href=\"https:\/\/mobilon.ch\/?p=623\">Pendlerbeziehungen<\/a><\/li>\n<\/ul>\n<p><strong>Mobilit\u00e4t:<\/strong><\/p>\n<ul>\n<li><a href=\"https:\/\/mobilon.ch\/?p=313\">Dichte und Mobilit\u00e4tsverhalten: Aktualisierung 2015 der Auswertung des MZMV<\/a><\/li>\n<li><a style=\"font-size: inherit;\" href=\"https:\/\/mobilon.ch\/?p=282\">Geschichte der Siedlungs- und Verkehrsentwicklung in der Schweiz<\/a><\/li>\n<li><a style=\"font-size: inherit;\" href=\"https:\/\/mobilon.ch\/?p=325\">Irrt\u00fcmer zum Mobilit\u00e4tsverhalten: Collage-Artikel zum MZMV 2015<\/a><\/li>\n<li><a style=\"font-size: inherit;\" href=\"https:\/\/mobilon.ch\/?p=12\">Dichte und Mobilit\u00e4tsverhalten: Auswertung Mikrozensus Mobilit\u00e4t und Verkehr 2010<\/a><\/li>\n<li><a style=\"font-size: inherit;\" href=\"https:\/\/mobilon.ch\/?p=69\">Dichte und Autobesitz: Weitere Auswertung des MZMV<\/a><\/li>\n<li><a style=\"font-size: inherit;\" href=\"https:\/\/mobilon.ch\/?p=90\">Raumeffiziente Verkehrsarten: Fl\u00e4cheninanspruchnahme verschiedener Verkehrsmittel<\/a><\/li>\n<li><a style=\"font-size: inherit;\" href=\"https:\/\/www.espazium.ch\/platz-machen\">&#8222;Platz machen!&#8220;: Artikel im tec21 von Rupert Wimmer und Jonas Bubenhofer<\/a><span style=\"font-size: inherit;\">&nbsp;(oder <\/span><a style=\"font-size: inherit;\" href=\"https:\/\/mobilon.ch\/wordpress\/wp-content\/uploads\/2015\/06\/tec21_platz_machen_2013-10-28.pdf\">Download<\/a><span style=\"font-size: inherit;\">)<\/span><\/li>\n<\/ul>\n<p><strong>GIS-Analysen:<\/strong><\/p>\n<ul>\n<li><a href=\"https:\/\/mobilon.ch\/?p=549\">Fussverkehrspotenzial und Relevanz von Netzabschnitten<\/a><\/li>\n<li><a href=\"https:\/\/mobilon.ch\/?p=448\">Bev\u00f6lkerungs- und Besch\u00e4ftigtendichte der Schweizer Gemeinden<\/a><\/li>\n<li><a href=\"https:\/\/mobilon.ch\/?p=190\">Erreichbarkeitsanalysen des \u00f6ffentlichen Verkehrs<\/a><\/li>\n<li><a href=\"https:\/\/mobilon.ch\/?p=339\">\u00d6V-Potenzial in dichten Gebieten aussch\u00f6pfen<\/a><\/li>\n<li><a href=\"https:\/\/mobilon.ch\/?p=24\">Attraktivit\u00e4t des Siedlungsraums f\u00fcr den Veloverkehr: Bewertungsmethodik f\u00fcr die GIS-Analyse: Potentialabsch\u00e4tzung und Handlungsbedarf<\/a><\/li>\n<\/ul>\n<p><strong>\u00d6ffentlicher Raum\/Sozialraum:<\/strong><\/p>\n<ul>\n<li><a href=\"https:\/\/mobilon.ch\/?p=145\">Nutzungsverhalten im \u00f6ffentlichen Raum<\/a><\/li>\n<li><a href=\"https:\/\/mobilon.ch\/?p=475\">Zusammenhang von baulicher Qualit\u00e4t und Aufenthaltsnutzung<\/a><\/li>\n<li><a href=\"https:\/\/mobilon.ch\/?p=55\">Identit\u00e4t und Raum: Wie entsteht Identit\u00e4t eines Ortes? Wie erfolgt die Aneignung eines Raumes?<\/a><\/li>\n<li><a href=\"https:\/\/mobilon.ch\/?p=166\">&#8222;Der Ort und ich&#8220;:&nbsp;subjektive Bedeutungslandkarte<\/a><\/li>\n<li><a href=\"https:\/\/mobilon.ch\/wordpress\/wp-content\/uploads\/2015\/06\/Artikel_oeR_publiziert.pdf\">Lebendige Ortszentren &#8211; Erfolgsfaktoren f\u00fcr die Gestaltung zentraler Strassen und Pl\u00e4tze: Artikel in &#8222;strasse und verkehr&#8220; von Rupert Wimmer und Jonas Bubenhofer<\/a><\/li>\n<\/ul>\n","protected":false},"excerpt":{"rendered":"<p>Tools: Mobilon Modalsplit-Rechner Pendlerbeziehungen Mobilit\u00e4t: Dichte und Mobilit\u00e4tsverhalten: Aktualisierung 2015 der Auswertung des MZMV Geschichte der Siedlungs- und Verkehrsentwicklung in der Schweiz Irrt\u00fcmer zum Mobilit\u00e4tsverhalten: Collage-Artikel zum MZMV 2015 Dichte und Mobilit\u00e4tsverhalten: Auswertung Mikrozensus Mobilit\u00e4t und Verkehr 2010 Dichte und Autobesitz: Weitere Auswertung des MZMV Raumeffiziente Verkehrsarten: Fl\u00e4cheninanspruchnahme verschiedener Verkehrsmittel &#8222;Platz machen!&#8220;: Artikel im tec21 &#8230; <a title=\"\u00dcbersicht Themen\" class=\"read-more\" href=\"https:\/\/mobilon.ch\/\" aria-label=\"Mehr Informationen \u00fcber \u00dcbersicht Themen\">Weiterlesen<\/a><\/p>\n","protected":false},"author":2,"featured_media":888,"parent":0,"menu_order":0,"comment_status":"closed","ping_status":"closed","template":"","meta":{"footnotes":""},"class_list":["post-78","page","type-page","status-publish","has-post-thumbnail"],"_links":{"self":[{"href":"https:\/\/mobilon.ch\/index.php?rest_route=\/wp\/v2\/pages\/78","targetHints":{"allow":["GET"]}}],"collection":[{"href":"https:\/\/mobilon.ch\/index.php?rest_route=\/wp\/v2\/pages"}],"about":[{"href":"https:\/\/mobilon.ch\/index.php?rest_route=\/wp\/v2\/types\/page"}],"author":[{"embeddable":true,"href":"https:\/\/mobilon.ch\/index.php?rest_route=\/wp\/v2\/users\/2"}],"replies":[{"embeddable":true,"href":"https:\/\/mobilon.ch\/index.php?rest_route=%2Fwp%2Fv2%2Fcomments&post=78"}],"version-history":[{"count":38,"href":"https:\/\/mobilon.ch\/index.php?rest_route=\/wp\/v2\/pages\/78\/revisions"}],"predecessor-version":[{"id":885,"href":"https:\/\/mobilon.ch\/index.php?rest_route=\/wp\/v2\/pages\/78\/revisions\/885"}],"wp:featuredmedia":[{"embeddable":true,"href":"https:\/\/mobilon.ch\/index.php?rest_route=\/wp\/v2\/media\/888"}],"wp:attachment":[{"href":"https:\/\/mobilon.ch\/index.php?rest_route=%2Fwp%2Fv2%2Fmedia&parent=78"}],"curies":[{"name":"wp","href":"https:\/\/api.w.org\/{rel}","templated":true}]}}